{"id":438,"date":"2025-07-14T05:23:55","date_gmt":"2025-07-14T05:23:55","guid":{"rendered":"https:\/\/dholistique.ca\/?page_id=438"},"modified":"2025-07-14T08:53:22","modified_gmt":"2025-07-14T08:53:22","slug":"quebecois-noirs-art-literacy-storytelling-exhibit","status":"publish","type":"page","link":"https:\/\/dholistique.ca\/fr\/quebecois-noirs-art-literacy-storytelling-exhibit\/","title":{"rendered":"Qu\u00e9b\u00e9cois Noirs: Art, Literacy &amp; Storytelling Exhibit"},"content":{"rendered":"<div class=\"nfd-container nfd-wb-call-to-action__cta-2 wp-block-group is-layout-constrained wp-block-group-is-layout-constrained\">\n<div class=\"wp-block-columns is-layout-flex wp-container-core-columns-is-layout-28232c24 wp-block-columns-is-layout-flex\">\n<div class=\"wp-block-column is-vertically-aligned-stretch is-layout-flow wp-block-column-is-layout-flow\">\n<div class=\"nfd-gap-md nfd-p-card-square-lg is-style-nfd-theme-darker wp-block-group nfd-bg-effect-grid-3 is-vertical is-layout-flex wp-container-core-group-is-layout-fe9cc265 wp-block-group-is-layout-flex\" style=\"min-height:100%\">\n<p class=\"nfd-text-faded nfd-text-base nfd-text-balance has-base-color has-text-color has-link-color wp-elements-1c166e5f99b9cef2cccc3e6611fd064f\" style=\"font-size:clamp(18.959px, 1.185rem + ((1vw - 3.2px) * 0.746), 30px);\">Welcome to Qu\u00e9b\u00e9cois Noirs\u2014an exhibition of voices, memories, and survival. This is not just a gallery of images. It\u2019s a gathering of stories that travelled here through time, migration, and resistance. Stories that were whispered when they couldn\u2019t be shouted. Stories that were carried in pockets, in braids, in the tongues of generations who refused to forget.<\/p>\n\n\n\n<p class=\"\"><\/p>\n\n\n\n<p class=\"has-base-color has-text-color has-link-color wp-elements-d24b2727280c761828c63a81e5639cd2\" style=\"font-size:clamp(18.959px, 1.185rem + ((1vw - 3.2px) * 0.746), 30px);\">As Afro-Caribbeans in Montreal, we stand on Indigenous land shaped by many migrations\u2014from forced crossings on slave ships to the journeys of Caribbean, African, and Black Canadian families who built new homes here while carrying old memories. This exhibit honors those memories.<\/p>\n\n\n\n<p class=\"\"><\/p>\n\n\n\n<p class=\"has-base-color has-text-color has-link-color wp-elements-50d9c7bf2ed0205bf658a84c23c41fb2\" style=\"font-size:clamp(18.959px, 1.185rem + ((1vw - 3.2px) * 0.746), 30px);\">Here, you\u2019ll hear short, original audio narratives exploring themes of folklore, labor, food, flight, literacy, and cultural survival. Each voice invites you to listen carefully\u2014to history that wasn\u2019t always written down but was never lost.<\/p>\n\n\n\n<p class=\"\"><\/p>\n\n\n\n<p class=\"has-base-color has-text-color has-link-color wp-elements-97cf17abfb5ff71142759099abac6d7d\" style=\"font-size:clamp(18.959px, 1.185rem + ((1vw - 3.2px) * 0.746), 30px);\">The images you see don\u2019t tell the whole story on their own. They\u2019re there to hold space for the voices. To offer an atmosphere for remembering. They\u2019re not the center\u2014the sound is.<\/p>\n\n\n\n<p class=\"\"><\/p>\n\n\n\n<p class=\"has-base-color has-text-color has-link-color wp-elements-20721dbba7f3074fa1c3b5d813d7cd95\" style=\"font-size:clamp(18.959px, 1.185rem + ((1vw - 3.2px) * 0.746), 30px);\">So take your headphones. Listen with intention. Let these stories move through you. And remember: this history is not behind us. It lives with us. It lives in us. And it is still being written<\/p>\n\n\n\n<div style=\"height:8px;width:0px\" aria-hidden=\"true\" class=\"wp-block-spacer wp-container-content-9760934e\"><\/div>\n\n\n\n<div class=\"wp-block-buttons is-layout-flex wp-container-core-buttons-is-layout-ea8b11be wp-block-buttons-is-layout-flex\"><\/div>\n<\/div>\n\n\n<\/div>\n\n\n\n<div class=\"wp-block-column is-vertically-aligned-stretch is-layout-flow wp-block-column-is-layout-flow\">\n<div class=\"wp-block-group is-vertical is-content-justification-stretch is-layout-flex wp-container-core-group-is-layout-401b7a8a wp-block-group-is-layout-flex\" style=\"min-height:100%\">\n<div class=\"wp-block-cover is-light wp-container-content-9cfa9a5a\"><img decoding=\"async\" class=\"wp-block-cover__image-background\" alt=\"\" src=\"https:\/\/images.unsplash.com\/photo-1618220048045-10a6dbdf83e0?ixlib=rb-4.0.3&amp;ixid=MnwxMjA3fDB8MHxwaG90by1wYWdlfHx8fGVufDB8fHx8&amp;auto=format&amp;fit=crop&amp;q=80&amp;w=900&amp;h=900&amp;crop=\" data-object-fit=\"cover\"\/><span aria-hidden=\"true\" class=\"wp-block-cover__background has-background-dim-0 has-background-dim\"><\/span><div class=\"wp-block-cover__inner-container is-layout-constrained wp-block-cover-is-layout-constrained\">\n<p class=\"has-text-align-center has-large-font-size\"><\/p>\n<\/div><\/div>\n<\/div>\n<\/div>\n<\/div>\n<\/div>\n\n\n\n<div class=\"nfd-container nfd-text-md nfd-wb-text__text-1 wp-block-group is-layout-constrained wp-block-group-is-layout-constrained\">\n<div class=\"nfd-max-w-prose wp-block-group is-vertical is-content-justification-left is-layout-flex wp-container-core-group-is-layout-dd225191 wp-block-group-is-layout-flex\">\n<h2 class=\"nfd-text-xl nfd-text-balance wp-block-heading\" style=\"font-style:normal;font-weight:600\">Note to the Audience <\/h2>\n\n\n\n<p class=\"has-drop-cap\"><strong>The exhibit audio recordings are not designed to be made available online.<\/strong>&nbsp;They can be heard&nbsp;<strong>exclusively in-person at the exhibit, hosted at UNIA Montreal (2741 Notre-Dame O.) in Little Burgundy.<\/strong> We invite you to visit the exhibit space, bring your curiosity, and listen with care. Using your own device and headphones (or borrowing onsite), you\u2019ll move through the stories at your own pace, reflecting on the voices that shape our shared histories.<\/p>\n\n\n\n<p class=\"\"><strong>\ud83d\udccd Location:<\/strong>&nbsp;UNIA Montreal, 2741 Notre-Dame O., Little Burgundy<br><strong>\ud83d\uddd3\ufe0f Now open year-round after its launch on July 19, 2025<\/strong><br><strong>\ud83d\udcab Free and open to all.<\/strong><\/p>\n<\/div>\n<\/div>","protected":false},"excerpt":{"rendered":"<p>Welcome to Qu\u00e9b\u00e9cois Noirs\u2014an exhibition of voices, memories, and survival. This is not just a gallery of images. It\u2019s a gathering of stories that travelled here through time, migration, and resistance. Stories that were whispered when they couldn\u2019t be shouted. Stories that were carried in pockets, in braids, in the tongues of generations who refused [&hellip;]<\/p>\n","protected":false},"author":1,"featured_media":0,"parent":0,"menu_order":0,"comment_status":"closed","ping_status":"closed","template":"","meta":{"nf_dc_page":"","om_disable_all_campaigns":false,"_monsterinsights_skip_tracking":false,"_monsterinsights_sitenote_active":false,"_monsterinsights_sitenote_note":"","_monsterinsights_sitenote_category":0,"footnotes":""},"class_list":["post-438","page","type-page","status-publish","hentry"],"yoast_head":"<!-- This site is optimized with the Yoast SEO plugin v27.6 - https:\/\/yoast.com\/product\/yoast-seo-wordpress\/ -->\n<title>Qu\u00e9b\u00e9cois Noirs: Art, Literacy &amp; Storytelling Exhibit - Dispositif Holistique<\/title>\n<meta name=\"robots\" content=\"index, follow, max-snippet:-1, max-image-preview:large, max-video-preview:-1\" \/>\n<link rel=\"canonical\" href=\"https:\/\/dholistique.ca\/fr\/quebecois-noirs-art-literacy-storytelling-exhibit\/\" \/>\n<meta property=\"og:locale\" content=\"fr_CA\" \/>\n<meta property=\"og:type\" content=\"article\" \/>\n<meta property=\"og:title\" content=\"Qu\u00e9b\u00e9cois Noirs: Art, Literacy &amp; Storytelling Exhibit - Dispositif Holistique\" \/>\n<meta property=\"og:description\" content=\"Welcome to Qu\u00e9b\u00e9cois Noirs\u2014an exhibition of voices, memories, and survival. This is not just a gallery of images. It\u2019s a gathering of stories that travelled here through time, migration, and resistance. Stories that were whispered when they couldn\u2019t be shouted. Stories that were carried in pockets, in braids, in the tongues of generations who refused [&hellip;]\" \/>\n<meta property=\"og:url\" content=\"https:\/\/dholistique.ca\/fr\/quebecois-noirs-art-literacy-storytelling-exhibit\/\" \/>\n<meta property=\"og:site_name\" content=\"Dispositif Holistique\" \/>\n<meta property=\"article:modified_time\" content=\"2025-07-14T08:53:22+00:00\" \/>\n<meta property=\"og:image\" content=\"https:\/\/images.unsplash.com\/photo-1618220048045-10a6dbdf83e0?ixlib=rb-4.0.3&amp;ixid=MnwxMjA3fDB8MHxwaG90by1wYWdlfHx8fGVufDB8fHx8&amp;auto=format&amp;fit=crop&amp;q=80&amp;w=900&amp;h=900&amp;crop=\" \/>\n<meta name=\"twitter:card\" content=\"summary_large_image\" \/>\n<meta name=\"twitter:label1\" content=\"Estimation du temps de lecture\" \/>\n\t<meta name=\"twitter:data1\" content=\"2 minutes\" \/>\n<script type=\"application\/ld+json\" class=\"yoast-schema-graph\">{\"@context\":\"https:\\\/\\\/schema.org\",\"@graph\":[{\"@type\":\"WebPage\",\"@id\":\"https:\\\/\\\/dholistique.ca\\\/quebecois-noirs-art-literacy-storytelling-exhibit\\\/\",\"url\":\"https:\\\/\\\/dholistique.ca\\\/quebecois-noirs-art-literacy-storytelling-exhibit\\\/\",\"name\":\"Qu\u00e9b\u00e9cois Noirs: Art, Literacy &amp; Storytelling Exhibit - Dispositif Holistique\",\"isPartOf\":{\"@id\":\"https:\\\/\\\/dholistique.ca\\\/#website\"},\"primaryImageOfPage\":{\"@id\":\"https:\\\/\\\/dholistique.ca\\\/quebecois-noirs-art-literacy-storytelling-exhibit\\\/#primaryimage\"},\"image\":{\"@id\":\"https:\\\/\\\/dholistique.ca\\\/quebecois-noirs-art-literacy-storytelling-exhibit\\\/#primaryimage\"},\"thumbnailUrl\":\"https:\\\/\\\/images.unsplash.com\\\/photo-1618220048045-10a6dbdf83e0?ixlib=rb-4.0.3&amp;ixid=MnwxMjA3fDB8MHxwaG90by1wYWdlfHx8fGVufDB8fHx8&amp;auto=format&amp;fit=crop&amp;q=80&amp;w=900&amp;h=900&amp;crop=\",\"datePublished\":\"2025-07-14T05:23:55+00:00\",\"dateModified\":\"2025-07-14T08:53:22+00:00\",\"breadcrumb\":{\"@id\":\"https:\\\/\\\/dholistique.ca\\\/quebecois-noirs-art-literacy-storytelling-exhibit\\\/#breadcrumb\"},\"inLanguage\":\"fr-CA\",\"potentialAction\":[{\"@type\":\"ReadAction\",\"target\":[\"https:\\\/\\\/dholistique.ca\\\/quebecois-noirs-art-literacy-storytelling-exhibit\\\/\"]}]},{\"@type\":\"ImageObject\",\"inLanguage\":\"fr-CA\",\"@id\":\"https:\\\/\\\/dholistique.ca\\\/quebecois-noirs-art-literacy-storytelling-exhibit\\\/#primaryimage\",\"url\":\"https:\\\/\\\/images.unsplash.com\\\/photo-1618220048045-10a6dbdf83e0?ixlib=rb-4.0.3&amp;ixid=MnwxMjA3fDB8MHxwaG90by1wYWdlfHx8fGVufDB8fHx8&amp;auto=format&amp;fit=crop&amp;q=80&amp;w=900&amp;h=900&amp;crop=\",\"contentUrl\":\"https:\\\/\\\/images.unsplash.com\\\/photo-1618220048045-10a6dbdf83e0?ixlib=rb-4.0.3&amp;ixid=MnwxMjA3fDB8MHxwaG90by1wYWdlfHx8fGVufDB8fHx8&amp;auto=format&amp;fit=crop&amp;q=80&amp;w=900&amp;h=900&amp;crop=\"},{\"@type\":\"BreadcrumbList\",\"@id\":\"https:\\\/\\\/dholistique.ca\\\/quebecois-noirs-art-literacy-storytelling-exhibit\\\/#breadcrumb\",\"itemListElement\":[{\"@type\":\"ListItem\",\"position\":1,\"name\":\"Home\",\"item\":\"https:\\\/\\\/dholistique.ca\\\/\"},{\"@type\":\"ListItem\",\"position\":2,\"name\":\"Qu\u00e9b\u00e9cois Noirs: Art, Literacy &amp; Storytelling Exhibit\"}]},{\"@type\":\"WebSite\",\"@id\":\"https:\\\/\\\/dholistique.ca\\\/#website\",\"url\":\"https:\\\/\\\/dholistique.ca\\\/\",\"name\":\"Dispositif Holistique\",\"description\":\"Designing Programs. Curating Change.\",\"publisher\":{\"@id\":\"https:\\\/\\\/dholistique.ca\\\/#organization\"},\"potentialAction\":[{\"@type\":\"SearchAction\",\"target\":{\"@type\":\"EntryPoint\",\"urlTemplate\":\"https:\\\/\\\/dholistique.ca\\\/?s={search_term_string}\"},\"query-input\":{\"@type\":\"PropertyValueSpecification\",\"valueRequired\":true,\"valueName\":\"search_term_string\"}}],\"inLanguage\":\"fr-CA\"},{\"@type\":\"Organization\",\"@id\":\"https:\\\/\\\/dholistique.ca\\\/#organization\",\"name\":\"Dispositif Holistique\",\"url\":\"https:\\\/\\\/dholistique.ca\\\/\",\"logo\":{\"@type\":\"ImageObject\",\"inLanguage\":\"fr-CA\",\"@id\":\"https:\\\/\\\/dholistique.ca\\\/#\\\/schema\\\/logo\\\/image\\\/\",\"url\":\"https:\\\/\\\/i0.wp.com\\\/dholistique.ca\\\/wp-content\\\/uploads\\\/2023\\\/12\\\/Dispo-New-Logo-5.png?fit=500%2C500&ssl=1\",\"contentUrl\":\"https:\\\/\\\/i0.wp.com\\\/dholistique.ca\\\/wp-content\\\/uploads\\\/2023\\\/12\\\/Dispo-New-Logo-5.png?fit=500%2C500&ssl=1\",\"width\":500,\"height\":500,\"caption\":\"Dispositif Holistique \"},\"image\":{\"@id\":\"https:\\\/\\\/dholistique.ca\\\/#\\\/schema\\\/logo\\\/image\\\/\"}}]}<\/script>\n<!-- \/ Yoast SEO plugin. -->","yoast_head_json":{"title":"Qu\u00e9b\u00e9cois Noirs: Art, Literacy &amp; Storytelling Exhibit - Dispositif Holistique","robots":{"index":"index","follow":"follow","max-snippet":"max-snippet:-1","max-image-preview":"max-image-preview:large","max-video-preview":"max-video-preview:-1"},"canonical":"https:\/\/dholistique.ca\/fr\/quebecois-noirs-art-literacy-storytelling-exhibit\/","og_locale":"fr_CA","og_type":"article","og_title":"Qu\u00e9b\u00e9cois Noirs: Art, Literacy &amp; Storytelling Exhibit - Dispositif Holistique","og_description":"Welcome to Qu\u00e9b\u00e9cois Noirs\u2014an exhibition of voices, memories, and survival. This is not just a gallery of images. It\u2019s a gathering of stories that travelled here through time, migration, and resistance. Stories that were whispered when they couldn\u2019t be shouted. Stories that were carried in pockets, in braids, in the tongues of generations who refused [&hellip;]","og_url":"https:\/\/dholistique.ca\/fr\/quebecois-noirs-art-literacy-storytelling-exhibit\/","og_site_name":"Dispositif Holistique","article_modified_time":"2025-07-14T08:53:22+00:00","og_image":[{"url":"https:\/\/images.unsplash.com\/photo-1618220048045-10a6dbdf83e0?ixlib=rb-4.0.3&amp;ixid=MnwxMjA3fDB8MHxwaG90by1wYWdlfHx8fGVufDB8fHx8&amp;auto=format&amp;fit=crop&amp;q=80&amp;w=900&amp;h=900&amp;crop=","type":"","width":"","height":""}],"twitter_card":"summary_large_image","twitter_misc":{"Estimation du temps de lecture":"2 minutes"},"schema":{"@context":"https:\/\/schema.org","@graph":[{"@type":"WebPage","@id":"https:\/\/dholistique.ca\/quebecois-noirs-art-literacy-storytelling-exhibit\/","url":"https:\/\/dholistique.ca\/quebecois-noirs-art-literacy-storytelling-exhibit\/","name":"Qu\u00e9b\u00e9cois Noirs: Art, Literacy &amp; Storytelling Exhibit - Dispositif Holistique","isPartOf":{"@id":"https:\/\/dholistique.ca\/#website"},"primaryImageOfPage":{"@id":"https:\/\/dholistique.ca\/quebecois-noirs-art-literacy-storytelling-exhibit\/#primaryimage"},"image":{"@id":"https:\/\/dholistique.ca\/quebecois-noirs-art-literacy-storytelling-exhibit\/#primaryimage"},"thumbnailUrl":"https:\/\/images.unsplash.com\/photo-1618220048045-10a6dbdf83e0?ixlib=rb-4.0.3&amp;ixid=MnwxMjA3fDB8MHxwaG90by1wYWdlfHx8fGVufDB8fHx8&amp;auto=format&amp;fit=crop&amp;q=80&amp;w=900&amp;h=900&amp;crop=","datePublished":"2025-07-14T05:23:55+00:00","dateModified":"2025-07-14T08:53:22+00:00","breadcrumb":{"@id":"https:\/\/dholistique.ca\/quebecois-noirs-art-literacy-storytelling-exhibit\/#breadcrumb"},"inLanguage":"fr-CA","potentialAction":[{"@type":"ReadAction","target":["https:\/\/dholistique.ca\/quebecois-noirs-art-literacy-storytelling-exhibit\/"]}]},{"@type":"ImageObject","inLanguage":"fr-CA","@id":"https:\/\/dholistique.ca\/quebecois-noirs-art-literacy-storytelling-exhibit\/#primaryimage","url":"https:\/\/images.unsplash.com\/photo-1618220048045-10a6dbdf83e0?ixlib=rb-4.0.3&amp;ixid=MnwxMjA3fDB8MHxwaG90by1wYWdlfHx8fGVufDB8fHx8&amp;auto=format&amp;fit=crop&amp;q=80&amp;w=900&amp;h=900&amp;crop=","contentUrl":"https:\/\/images.unsplash.com\/photo-1618220048045-10a6dbdf83e0?ixlib=rb-4.0.3&amp;ixid=MnwxMjA3fDB8MHxwaG90by1wYWdlfHx8fGVufDB8fHx8&amp;auto=format&amp;fit=crop&amp;q=80&amp;w=900&amp;h=900&amp;crop="},{"@type":"BreadcrumbList","@id":"https:\/\/dholistique.ca\/quebecois-noirs-art-literacy-storytelling-exhibit\/#breadcrumb","itemListElement":[{"@type":"ListItem","position":1,"name":"Home","item":"https:\/\/dholistique.ca\/"},{"@type":"ListItem","position":2,"name":"Qu\u00e9b\u00e9cois Noirs: Art, Literacy &amp; Storytelling Exhibit"}]},{"@type":"WebSite","@id":"https:\/\/dholistique.ca\/#website","url":"https:\/\/dholistique.ca\/","name":"Dispositif Holistique","description":"Designing Programs. Curating Change.","publisher":{"@id":"https:\/\/dholistique.ca\/#organization"},"potentialAction":[{"@type":"SearchAction","target":{"@type":"EntryPoint","urlTemplate":"https:\/\/dholistique.ca\/?s={search_term_string}"},"query-input":{"@type":"PropertyValueSpecification","valueRequired":true,"valueName":"search_term_string"}}],"inLanguage":"fr-CA"},{"@type":"Organization","@id":"https:\/\/dholistique.ca\/#organization","name":"Dispositif Holistique","url":"https:\/\/dholistique.ca\/","logo":{"@type":"ImageObject","inLanguage":"fr-CA","@id":"https:\/\/dholistique.ca\/#\/schema\/logo\/image\/","url":"https:\/\/i0.wp.com\/dholistique.ca\/wp-content\/uploads\/2023\/12\/Dispo-New-Logo-5.png?fit=500%2C500&ssl=1","contentUrl":"https:\/\/i0.wp.com\/dholistique.ca\/wp-content\/uploads\/2023\/12\/Dispo-New-Logo-5.png?fit=500%2C500&ssl=1","width":500,"height":500,"caption":"Dispositif Holistique "},"image":{"@id":"https:\/\/dholistique.ca\/#\/schema\/logo\/image\/"}}]}},"jetpack_sharing_enabled":true,"_links":{"self":[{"href":"https:\/\/dholistique.ca\/fr\/wp-json\/wp\/v2\/pages\/438","targetHints":{"allow":["GET"]}}],"collection":[{"href":"https:\/\/dholistique.ca\/fr\/wp-json\/wp\/v2\/pages"}],"about":[{"href":"https:\/\/dholistique.ca\/fr\/wp-json\/wp\/v2\/types\/page"}],"author":[{"embeddable":true,"href":"https:\/\/dholistique.ca\/fr\/wp-json\/wp\/v2\/users\/1"}],"replies":[{"embeddable":true,"href":"https:\/\/dholistique.ca\/fr\/wp-json\/wp\/v2\/comments?post=438"}],"version-history":[{"count":6,"href":"https:\/\/dholistique.ca\/fr\/wp-json\/wp\/v2\/pages\/438\/revisions"}],"predecessor-version":[{"id":496,"href":"https:\/\/dholistique.ca\/fr\/wp-json\/wp\/v2\/pages\/438\/revisions\/496"}],"wp:attachment":[{"href":"https:\/\/dholistique.ca\/fr\/wp-json\/wp\/v2\/media?parent=438"}],"curies":[{"name":"wp","href":"https:\/\/api.w.org\/{rel}","templated":true}]}}